{"id":122,"date":"2024-05-05T18:18:39","date_gmt":"2024-05-05T18:18:39","guid":{"rendered":"https:\/\/isabeeb.cm\/?page_id=122"},"modified":"2025-11-27T10:55:35","modified_gmt":"2025-11-27T09:55:35","slug":"resultats","status":"publish","type":"page","link":"https:\/\/isabeeb.cm\/index.php\/resultats\/","title":{"rendered":"R\u00e9sultats"},"content":{"rendered":"\t\t<div data-elementor-type=\"wp-page\" data-elementor-id=\"122\" class=\"elementor elementor-122\">\n\t\t\t\t<div class=\"elementor-element elementor-element-e056d61 e-flex e-con-boxed e-con e-parent\" data-id=\"e056d61\" data-element_type=\"container\">\n\t\t\t\t\t<div class=\"e-con-inner\">\n\t\t<div class=\"elementor-element elementor-element-440ba6d e-flex e-con-boxed e-con e-child\" data-id=\"440ba6d\" data-element_type=\"container\">\n\t\t\t\t\t<div class=\"e-con-inner\">\n\t\t\t\t<div class=\"elementor-element elementor-element-72796c1 elementor-widget elementor-widget-heading\" data-id=\"72796c1\" data-element_type=\"widget\" data-widget_type=\"heading.default\">\n\t\t\t\t<div class=\"elementor-widget-container\">\n\t\t\t<style>\/*! elementor - v3.21.0 - 30-04-2024 *\/\n.elementor-heading-title{padding:0;margin:0;line-height:1}.elementor-widget-heading .elementor-heading-title[class*=elementor-size-]>a{color:inherit;font-size:inherit;line-height:inherit}.elementor-widget-heading .elementor-heading-title.elementor-size-small{font-size:15px}.elementor-widget-heading .elementor-heading-title.elementor-size-medium{font-size:19px}.elementor-widget-heading .elementor-heading-title.elementor-size-large{font-size:29px}.elementor-widget-heading .elementor-heading-title.elementor-size-xl{font-size:39px}.elementor-widget-heading .elementor-heading-title.elementor-size-xxl{font-size:59px}<\/style><h2 class=\"elementor-heading-title elementor-size-default\">Concours d'entr\u00e9e en troisi\u00e8me ann\u00e9e du cycle d'ing\u00e9nieurs Ann\u00e9e acad\u00e9mique 2025-2026<\/h2>\t\t<\/div>\n\t\t\t\t<\/div>\n\t\t\t\t\t<\/div>\n\t\t\t\t<\/div>\n\t\t<div class=\"elementor-element elementor-element-c77c690 e-flex e-con-boxed e-con e-child\" data-id=\"c77c690\" data-element_type=\"container\">\n\t\t\t\t\t<div class=\"e-con-inner\">\n\t\t\t\t<div class=\"elementor-element elementor-element-dd4c5ed elementor-widget elementor-widget-text-editor\" data-id=\"dd4c5ed\" data-element_type=\"widget\" data-widget_type=\"text-editor.default\">\n\t\t\t\t<div class=\"elementor-widget-container\">\n\t\t\t<style>\/*! elementor - v3.21.0 - 30-04-2024 *\/\n.elementor-widget-text-editor.elementor-drop-cap-view-stacked .elementor-drop-cap{background-color:#69727d;color:#fff}.elementor-widget-text-editor.elementor-drop-cap-view-framed .elementor-drop-cap{color:#69727d;border:3px solid;background-color:transparent}.elementor-widget-text-editor:not(.elementor-drop-cap-view-default) .elementor-drop-cap{margin-top:8px}.elementor-widget-text-editor:not(.elementor-drop-cap-view-default) .elementor-drop-cap-letter{width:1em;height:1em}.elementor-widget-text-editor .elementor-drop-cap{float:left;text-align:center;line-height:1;font-size:50px}.elementor-widget-text-editor .elementor-drop-cap-letter{display:inline-block}<\/style>\t\t\t\t<p>Le Ministre d\u2019Etat, Ministre de l\u2019Enseignement Sup\u00e9rieur Communique :<\/p><p>Sont, sous r\u00e9serve de la pr\u00e9sentation des originaux des dipl\u00f4mes requis, d\u00e9clar\u00e9s admis en troisi\u00e8me ann\u00e9e du cursus d\u2019Ing\u00e9nieurs de l\u2019Institut Sup\u00e9rieur d\u2019Agriculture, du Bois, de l\u2019Eau et de l\u2019Environnement de l\u2019Universit\u00e9 de Bertoua \u00e0 Belabo ann\u00e9e acad\u00e9mique 2025-2026, les candidats dont les noms suivent, class\u00e9s par sp\u00e9cialit\u00e9 et par ordre de m\u00e9rite.<\/p><p><a href=\"https:\/\/isabeeb.cm\/wp-content\/uploads\/2025\/11\/Resultat_ISABEE_UBe_2025_3e_annee_cursus_Ing_campus_de_Belabo_et_Yokadouma.pdf\">T\u00e9l\u00e9charger le communiqu\u00e9<\/a><\/p>\t\t\t\t\t\t<\/div>\n\t\t\t\t<\/div>\n\t\t<div class=\"elementor-element elementor-element-b967c32 e-flex e-con-boxed e-con e-child\" data-id=\"b967c32\" data-element_type=\"container\">\n\t\t\t\t\t<div class=\"e-con-inner\">\n\t\t\t\t<div class=\"elementor-element elementor-element-4e466fd elementor-widget elementor-widget-heading\" data-id=\"4e466fd\" data-element_type=\"widget\" data-widget_type=\"heading.default\">\n\t\t\t\t<div class=\"elementor-widget-container\">\n\t\t\t<h2 class=\"elementor-heading-title elementor-size-default\">Concours d'entr\u00e9e en premi\u00e8re ann\u00e9e du cycle d'ing\u00e9nieurs Ann\u00e9e acad\u00e9mique 2025-2026<\/h2>\t\t<\/div>\n\t\t\t\t<\/div>\n\t\t\t\t\t<\/div>\n\t\t\t\t<\/div>\n\t\t\t\t\t<\/div>\n\t\t\t\t<\/div>\n\t\t<div class=\"elementor-element elementor-element-74edfd9 e-flex e-con-boxed e-con e-child\" data-id=\"74edfd9\" data-element_type=\"container\">\n\t\t\t\t\t<div class=\"e-con-inner\">\n\t\t\t\t<div class=\"elementor-element elementor-element-fd6cec4 elementor-widget elementor-widget-text-editor\" data-id=\"fd6cec4\" data-element_type=\"widget\" data-widget_type=\"text-editor.default\">\n\t\t\t\t<div class=\"elementor-widget-container\">\n\t\t\t\t\t\t\t<p>Le Ministre d\u2019Etat, Ministre de l\u2019Enseignement Sup\u00e9rieur Communique :<\/p><p>Sont, sous r\u00e9serve de la pr\u00e9sentation des originaux des dipl\u00f4mes requis, d\u00e9clar\u00e9s admis en premi\u00e8re ann\u00e9e du cursus d\u2019Ing\u00e9nieur dans les campus de B\u00e9labo et Yokadouma de l\u2019Institut Sup\u00e9rieur d\u2019Agriculture, du Bois, de l\u2019Eau et de l\u2019Environnement de l\u2019Universit\u00e9 de Bertoua \u00e0 Belabo ann\u00e9e acad\u00e9mique 2025-2026, les candidats dont les noms suivent, class\u00e9s par groupe et par ordre alphab\u00e9tique.<\/p><p><a href=\"https:\/\/isabeeb.cm\/wp-content\/uploads\/2025\/11\/Resultat_ISABEE_UBe_2025_1ere_annee_Ing_campus_de_Belabo_et_Yokadouma.pdf\">T\u00e9l\u00e9charger le communiqu\u00e9<\/a><\/p>\t\t\t\t\t\t<\/div>\n\t\t\t\t<\/div>\n\t\t\t\t<div class=\"elementor-element elementor-element-bcded55 elementor-widget elementor-widget-heading\" data-id=\"bcded55\" data-element_type=\"widget\" data-widget_type=\"heading.default\">\n\t\t\t\t<div class=\"elementor-widget-container\">\n\t\t\t<h2 class=\"elementor-heading-title elementor-size-default\">Concours d'entr\u00e9e en premi\u00e8re ann\u00e9e du cycle de licence en sciences de l'ing\u00e9nieur Ann\u00e9e acad\u00e9mique 2025-2026<\/h2>\t\t<\/div>\n\t\t\t\t<\/div>\n\t\t\t\t\t<\/div>\n\t\t\t\t<\/div>\n\t\t<div class=\"elementor-element elementor-element-93672ed e-flex e-con-boxed e-con e-child\" data-id=\"93672ed\" data-element_type=\"container\">\n\t\t\t\t\t<div class=\"e-con-inner\">\n\t\t\t\t<div class=\"elementor-element elementor-element-69ac13b elementor-widget elementor-widget-text-editor\" data-id=\"69ac13b\" data-element_type=\"widget\" data-widget_type=\"text-editor.default\">\n\t\t\t\t<div class=\"elementor-widget-container\">\n\t\t\t\t\t\t\t<p>Le Ministre d\u2019Etat, Ministre de l\u2019Enseignement Sup\u00e9rieur Communique :<\/p><p>Sont, sous r\u00e9serve de la pr\u00e9sentation des originaux des dipl\u00f4mes requis, d\u00e9clar\u00e9s admis en premi\u00e8re ann\u00e9e du Cycle de Licence en Sciences de l\u2019Ing\u00e9nieur dans les campus de B\u00e9labo et Yokadouma de l\u2019Institut Sup\u00e9rieur d\u2019Agriculture, du Bois, de l\u2019Eau et de l\u2019Environnement de l\u2019Universit\u00e9 de Bertoua \u00e0 Belabo ann\u00e9e acad\u00e9mique 2025-2026, les candidats dont les noms suivent, class\u00e9s par groupe et par ordre alphab\u00e9tique.<\/p><p><a href=\"https:\/\/isabeeb.cm\/wp-content\/uploads\/2025\/11\/Resultat_ISABEE_UBe_2025_1ere_annee_cycle_Lic_en_Sciences_Ingeneiur_campus_de_Belabo_et_Yokadouma.pdf\">T\u00e9l\u00e9charger le communiqu\u00e9<\/a><\/p>\t\t\t\t\t\t<\/div>\n\t\t\t\t<\/div>\n\t\t\t\t\t<\/div>\n\t\t\t\t<\/div>\n\t\t\t\t\t<\/div>\n\t\t\t\t<\/div>\n\t\t<div class=\"elementor-element elementor-element-f36af33 e-flex e-con-boxed e-con e-parent\" data-id=\"f36af33\" data-element_type=\"container\">\n\t\t\t\t\t<div class=\"e-con-inner\">\n\t\t\t\t<div class=\"elementor-element elementor-element-7d6534a elementor-widget-divider--view-line elementor-widget elementor-widget-divider\" data-id=\"7d6534a\" data-element_type=\"widget\" data-widget_type=\"divider.default\">\n\t\t\t\t<div class=\"elementor-widget-container\">\n\t\t\t<style>\/*! elementor - v3.21.0 - 30-04-2024 *\/\n.elementor-widget-divider{--divider-border-style:none;--divider-border-width:1px;--divider-color:#0c0d0e;--divider-icon-size:20px;--divider-element-spacing:10px;--divider-pattern-height:24px;--divider-pattern-size:20px;--divider-pattern-url:none;--divider-pattern-repeat:repeat-x}.elementor-widget-divider .elementor-divider{display:flex}.elementor-widget-divider .elementor-divider__text{font-size:15px;line-height:1;max-width:95%}.elementor-widget-divider .elementor-divider__element{margin:0 var(--divider-element-spacing);flex-shrink:0}.elementor-widget-divider .elementor-icon{font-size:var(--divider-icon-size)}.elementor-widget-divider .elementor-divider-separator{display:flex;margin:0;direction:ltr}.elementor-widget-divider--view-line_icon .elementor-divider-separator,.elementor-widget-divider--view-line_text .elementor-divider-separator{align-items:center}.elementor-widget-divider--view-line_icon .elementor-divider-separator:after,.elementor-widget-divider--view-line_icon .elementor-divider-separator:before,.elementor-widget-divider--view-line_text .elementor-divider-separator:after,.elementor-widget-divider--view-line_text .elementor-divider-separator:before{display:block;content:\"\";border-block-end:0;flex-grow:1;border-block-start:var(--divider-border-width) var(--divider-border-style) var(--divider-color)}.elementor-widget-divider--element-align-left .elementor-divider .elementor-divider-separator>.elementor-divider__svg:first-of-type{flex-grow:0;flex-shrink:100}.elementor-widget-divider--element-align-left .elementor-divider-separator:before{content:none}.elementor-widget-divider--element-align-left .elementor-divider__element{margin-left:0}.elementor-widget-divider--element-align-right .elementor-divider .elementor-divider-separator>.elementor-divider__svg:last-of-type{flex-grow:0;flex-shrink:100}.elementor-widget-divider--element-align-right .elementor-divider-separator:after{content:none}.elementor-widget-divider--element-align-right .elementor-divider__element{margin-right:0}.elementor-widget-divider--element-align-start .elementor-divider .elementor-divider-separator>.elementor-divider__svg:first-of-type{flex-grow:0;flex-shrink:100}.elementor-widget-divider--element-align-start .elementor-divider-separator:before{content:none}.elementor-widget-divider--element-align-start .elementor-divider__element{margin-inline-start:0}.elementor-widget-divider--element-align-end .elementor-divider .elementor-divider-separator>.elementor-divider__svg:last-of-type{flex-grow:0;flex-shrink:100}.elementor-widget-divider--element-align-end .elementor-divider-separator:after{content:none}.elementor-widget-divider--element-align-end .elementor-divider__element{margin-inline-end:0}.elementor-widget-divider:not(.elementor-widget-divider--view-line_text):not(.elementor-widget-divider--view-line_icon) .elementor-divider-separator{border-block-start:var(--divider-border-width) var(--divider-border-style) var(--divider-color)}.elementor-widget-divider--separator-type-pattern{--divider-border-style:none}.elementor-widget-divider--separator-type-pattern.elementor-widget-divider--view-line .elementor-divider-separator,.elementor-widget-divider--separator-type-pattern:not(.elementor-widget-divider--view-line) .elementor-divider-separator:after,.elementor-widget-divider--separator-type-pattern:not(.elementor-widget-divider--view-line) .elementor-divider-separator:before,.elementor-widget-divider--separator-type-pattern:not([class*=elementor-widget-divider--view]) .elementor-divider-separator{width:100%;min-height:var(--divider-pattern-height);-webkit-mask-size:var(--divider-pattern-size) 100%;mask-size:var(--divider-pattern-size) 100%;-webkit-mask-repeat:var(--divider-pattern-repeat);mask-repeat:var(--divider-pattern-repeat);background-color:var(--divider-color);-webkit-mask-image:var(--divider-pattern-url);mask-image:var(--divider-pattern-url)}.elementor-widget-divider--no-spacing{--divider-pattern-size:auto}.elementor-widget-divider--bg-round{--divider-pattern-repeat:round}.rtl .elementor-widget-divider .elementor-divider__text{direction:rtl}.e-con-inner>.elementor-widget-divider,.e-con>.elementor-widget-divider{width:var(--container-widget-width,100%);--flex-grow:var(--container-widget-flex-grow)}<\/style>\t\t<div class=\"elementor-divider\">\n\t\t\t<span class=\"elementor-divider-separator\">\n\t\t\t\t\t\t<\/span>\n\t\t<\/div>\n\t\t\t\t<\/div>\n\t\t\t\t<\/div>\n\t\t\t\t\t<\/div>\n\t\t\t\t<\/div>\n\t\t<div class=\"elementor-element elementor-element-66cb4a6 e-flex e-con-boxed e-con e-parent\" data-id=\"66cb4a6\" data-element_type=\"container\">\n\t\t\t\t\t<div class=\"e-con-inner\">\n\t\t\t\t<div class=\"elementor-element elementor-element-fc56ea0 elementor-widget elementor-widget-heading\" data-id=\"fc56ea0\" data-element_type=\"widget\" data-widget_type=\"heading.default\">\n\t\t\t\t<div class=\"elementor-widget-container\">\n\t\t\t<h2 class=\"elementor-heading-title elementor-size-default\">Concours d'entr\u00e9e en troisi\u00e8me ann\u00e9e du cycle d'ing\u00e9nieurs Ann\u00e9e acad\u00e9mique 2024-2025<\/h2>\t\t<\/div>\n\t\t\t\t<\/div>\n\t\t\t\t\t<\/div>\n\t\t\t\t<\/div>\n\t\t<div class=\"elementor-element elementor-element-55e6f5e e-flex e-con-boxed e-con e-parent\" data-id=\"55e6f5e\" data-element_type=\"container\">\n\t\t\t\t\t<div class=\"e-con-inner\">\n\t\t\t\t<div class=\"elementor-element elementor-element-8f29517 elementor-widget elementor-widget-text-editor\" data-id=\"8f29517\" data-element_type=\"widget\" data-widget_type=\"text-editor.default\">\n\t\t\t\t<div class=\"elementor-widget-container\">\n\t\t\t\t\t\t\t<p>Le Ministre d\u2019Etat, Ministre de l\u2019Enseignement Sup\u00e9rieur Communique : <\/p><p>Sont, sous r\u00e9serve de la pr\u00e9sentation des originaux des dipl\u00f4mes requis, d\u00e9clar\u00e9s admis en troisi\u00e8me ann\u00e9e du cursus d\u2019Ing\u00e9nieurs de l\u2019Institut Sup\u00e9rieur d\u2019Agriculture, du Bois, de l\u2019Eau et de l\u2019Environnement de l\u2019Universit\u00e9 de Bertoua \u00e0 Belabo ann\u00e9e acad\u00e9mique 2024-2025, les candidats dont les noms suivent, class\u00e9s par sp\u00e9cialit\u00e9 et par ordre de m\u00e9rite.<\/p><p><a href=\"https:\/\/isabeeb.cm\/wp-content\/uploads\/2024\/10\/Resultats-ISABEE_UBe_2024_3eme-annee_Cursus-dIngenieurs.pdf\">T\u00e9l\u00e9charger le communiqu\u00e9<\/a><\/p>\t\t\t\t\t\t<\/div>\n\t\t\t\t<\/div>\n\t\t\t\t\t<\/div>\n\t\t\t\t<\/div>\n\t\t<div class=\"elementor-element elementor-element-3e0f642 e-flex e-con-boxed e-con e-parent\" data-id=\"3e0f642\" data-element_type=\"container\">\n\t\t\t\t\t<div class=\"e-con-inner\">\n\t\t\t\t<div class=\"elementor-element elementor-element-430b4dc elementor-widget elementor-widget-heading\" data-id=\"430b4dc\" data-element_type=\"widget\" data-widget_type=\"heading.default\">\n\t\t\t\t<div class=\"elementor-widget-container\">\n\t\t\t<h2 class=\"elementor-heading-title elementor-size-default\">Concours d'entr\u00e9e en premi\u00e8re ann\u00e9e du cycle d'ing\u00e9nieurs Ann\u00e9e acad\u00e9mique 2024-2025<\/h2>\t\t<\/div>\n\t\t\t\t<\/div>\n\t\t\t\t\t<\/div>\n\t\t\t\t<\/div>\n\t\t<div class=\"elementor-element elementor-element-7ebff48 e-flex e-con-boxed e-con e-parent\" data-id=\"7ebff48\" data-element_type=\"container\">\n\t\t\t\t\t<div class=\"e-con-inner\">\n\t\t\t\t<div class=\"elementor-element elementor-element-926bbcc elementor-widget elementor-widget-text-editor\" data-id=\"926bbcc\" data-element_type=\"widget\" data-widget_type=\"text-editor.default\">\n\t\t\t\t<div class=\"elementor-widget-container\">\n\t\t\t\t\t\t\t<p>Le Ministre d\u2019Etat, Ministre de l\u2019Enseignement Sup\u00e9rieur Communique :<\/p><p>Sont, sous r\u00e9serve de la pr\u00e9sentation des originaux des dipl\u00f4mes requis, d\u00e9clar\u00e9s admis en premi\u00e8re ann\u00e9e du cursus d\u2019Ing\u00e9nieur de l\u2019Institut Sup\u00e9rieur d\u2019Agriculture, du Bois, de l\u2019Eau et de l\u2019Environnement de l\u2019Universit\u00e9 de Bertoua \u00e0 Belabo ann\u00e9e acad\u00e9mique 2024-2025, les candidats dont les noms suivent, class\u00e9s par groupe et par ordre alphab\u00e9tique.<\/p><p><a href=\"https:\/\/isabeeb.cm\/wp-content\/uploads\/2024\/10\/Resultats-ISABEE_UBe_2024_1ere-annee_Cursus-dIngenieurs.pdf\">T\u00e9l\u00e9charger le communiqu\u00e9<\/a><\/p>\t\t\t\t\t\t<\/div>\n\t\t\t\t<\/div>\n\t\t\t\t<div class=\"elementor-element elementor-element-7ca2b21 elementor-widget elementor-widget-heading\" data-id=\"7ca2b21\" data-element_type=\"widget\" data-widget_type=\"heading.default\">\n\t\t\t\t<div class=\"elementor-widget-container\">\n\t\t\t<h2 class=\"elementor-heading-title elementor-size-default\">Concours d'entr\u00e9e en premi\u00e8re ann\u00e9e du cycle de licence en sciences de l'ing\u00e9nieur Ann\u00e9e acad\u00e9mique 2024-2025<\/h2>\t\t<\/div>\n\t\t\t\t<\/div>\n\t\t\t\t\t<\/div>\n\t\t\t\t<\/div>\n\t\t<div class=\"elementor-element elementor-element-da32de6 e-flex e-con-boxed e-con e-parent\" data-id=\"da32de6\" data-element_type=\"container\">\n\t\t\t\t\t<div class=\"e-con-inner\">\n\t\t\t\t<div class=\"elementor-element elementor-element-d3945bd elementor-widget elementor-widget-text-editor\" data-id=\"d3945bd\" data-element_type=\"widget\" data-widget_type=\"text-editor.default\">\n\t\t\t\t<div class=\"elementor-widget-container\">\n\t\t\t\t\t\t\t<p>Le Ministre d\u2019Etat, Ministre de l\u2019Enseignement Sup\u00e9rieur Communique :<\/p><p>Sont, sous r\u00e9serve de la pr\u00e9sentation des originaux des dipl\u00f4mes requis, d\u00e9clar\u00e9s admis en premi\u00e8re ann\u00e9e du Cycle de Licence en Sciences de l\u2019Ing\u00e9nieur de l\u2019Institut Sup\u00e9rieur d\u2019Agriculture, du Bois, de l\u2019Eau et de l\u2019Environnement de l\u2019Universit\u00e9 de Bertoua \u00e0 Belabo ann\u00e9e acad\u00e9mique 2024-2025, les candidats dont les noms suivent, class\u00e9s par groupe et par ordre alphab\u00e9tique.<\/p><p><a href=\"https:\/\/isabeeb.cm\/wp-content\/uploads\/2024\/10\/Resultats-ISABEE_UBe_2024_1ere-annee_Licence-en-Sciences-de-lIngenieur.pdf\">T\u00e9l\u00e9charger le communiqu\u00e9<\/a><\/p>\t\t\t\t\t\t<\/div>\n\t\t\t\t<\/div>\n\t\t\t\t\t<\/div>\n\t\t\t\t<\/div>\n\t\t\t\t<\/div>\n\t\t","protected":false},"excerpt":{"rendered":"<p>Concours d&rsquo;entr\u00e9e en troisi\u00e8me ann\u00e9e du cycle d&rsquo;ing\u00e9nieurs Ann\u00e9e acad\u00e9mique 2025-2026 Le Ministre d\u2019Etat, Ministre de l\u2019Enseignement Sup\u00e9rieur Communique : Sont, sous r\u00e9serve de la pr\u00e9sentation des originaux des dipl\u00f4mes requis, d\u00e9clar\u00e9s admis en troisi\u00e8me ann\u00e9e du cursus d\u2019Ing\u00e9nieurs de l\u2019Institut Sup\u00e9rieur d\u2019Agriculture, du Bois, de l\u2019Eau et de l\u2019Environnement de l\u2019Universit\u00e9 de Bertoua \u00e0 [&hellip;]<\/p>\n","protected":false},"author":2,"featured_media":0,"parent":0,"menu_order":0,"comment_status":"closed","ping_status":"closed","template":"","meta":{"footnotes":""},"class_list":["post-122","page","type-page","status-publish","hentry"],"yoast_head":"<!-- This site is optimized with the Yoast SEO plugin v22.6 - https:\/\/yoast.com\/wordpress\/plugins\/seo\/ -->\n<title>R\u00e9sultats - ISABEE<\/title>\n<meta name=\"robots\" content=\"index, follow, max-snippet:-1, max-image-preview:large, max-video-preview:-1\" \/>\n<link rel=\"canonical\" href=\"https:\/\/isabeeb.cm\/index.php\/resultats\/\" \/>\n<meta property=\"og:locale\" content=\"fr_FR\" \/>\n<meta property=\"og:type\" content=\"article\" \/>\n<meta property=\"og:title\" content=\"R\u00e9sultats - ISABEE\" \/>\n<meta property=\"og:description\" content=\"Concours d&rsquo;entr\u00e9e en troisi\u00e8me ann\u00e9e du cycle d&rsquo;ing\u00e9nieurs Ann\u00e9e acad\u00e9mique 2025-2026 Le Ministre d\u2019Etat, Ministre de l\u2019Enseignement Sup\u00e9rieur Communique : Sont, sous r\u00e9serve de la pr\u00e9sentation des originaux des dipl\u00f4mes requis, d\u00e9clar\u00e9s admis en troisi\u00e8me ann\u00e9e du cursus d\u2019Ing\u00e9nieurs de l\u2019Institut Sup\u00e9rieur d\u2019Agriculture, du Bois, de l\u2019Eau et de l\u2019Environnement de l\u2019Universit\u00e9 de Bertoua \u00e0 [&hellip;]\" \/>\n<meta property=\"og:url\" content=\"https:\/\/isabeeb.cm\/index.php\/resultats\/\" \/>\n<meta property=\"og:site_name\" content=\"ISABEE\" \/>\n<meta property=\"article:publisher\" content=\"https:\/\/web.facebook.com\/61550770162334\" \/>\n<meta property=\"article:modified_time\" content=\"2025-11-27T09:55:35+00:00\" \/>\n<meta name=\"twitter:card\" content=\"summary_large_image\" \/>\n<meta name=\"twitter:label1\" content=\"Dur\u00e9e de lecture estim\u00e9e\" \/>\n\t<meta name=\"twitter:data1\" content=\"3 minutes\" \/>\n<script type=\"application\/ld+json\" class=\"yoast-schema-graph\">{\"@context\":\"https:\/\/schema.org\",\"@graph\":[{\"@type\":\"WebPage\",\"@id\":\"https:\/\/isabeeb.cm\/index.php\/resultats\/\",\"url\":\"https:\/\/isabeeb.cm\/index.php\/resultats\/\",\"name\":\"R\u00e9sultats - ISABEE\",\"isPartOf\":{\"@id\":\"https:\/\/isabeeb.cm\/#website\"},\"datePublished\":\"2024-05-05T18:18:39+00:00\",\"dateModified\":\"2025-11-27T09:55:35+00:00\",\"inLanguage\":\"fr-FR\",\"potentialAction\":[{\"@type\":\"ReadAction\",\"target\":[\"https:\/\/isabeeb.cm\/index.php\/resultats\/\"]}]},{\"@type\":\"WebSite\",\"@id\":\"https:\/\/isabeeb.cm\/#website\",\"url\":\"https:\/\/isabeeb.cm\/\",\"name\":\"ISABEE\",\"description\":\"Travail - Discipline - Innovation\",\"publisher\":{\"@id\":\"https:\/\/isabeeb.cm\/#organization\"},\"potentialAction\":[{\"@type\":\"SearchAction\",\"target\":{\"@type\":\"EntryPoint\",\"urlTemplate\":\"https:\/\/isabeeb.cm\/?s={search_term_string}\"},\"query-input\":\"required name=search_term_string\"}],\"inLanguage\":\"fr-FR\"},{\"@type\":\"Organization\",\"@id\":\"https:\/\/isabeeb.cm\/#organization\",\"name\":\"ISABEE\",\"url\":\"https:\/\/isabeeb.cm\/\",\"logo\":{\"@type\":\"ImageObject\",\"inLanguage\":\"fr-FR\",\"@id\":\"https:\/\/isabeeb.cm\/#\/schema\/logo\/image\/\",\"url\":\"https:\/\/isabeeb.cm\/wp-content\/uploads\/2024\/08\/logo-isabee-v3.jpg\",\"contentUrl\":\"https:\/\/isabeeb.cm\/wp-content\/uploads\/2024\/08\/logo-isabee-v3.jpg\",\"width\":781,\"height\":747,\"caption\":\"ISABEE\"},\"image\":{\"@id\":\"https:\/\/isabeeb.cm\/#\/schema\/logo\/image\/\"},\"sameAs\":[\"https:\/\/web.facebook.com\/61550770162334\"]}]}<\/script>\n<!-- \/ Yoast SEO plugin. -->","yoast_head_json":{"title":"R\u00e9sultats - ISABEE","robots":{"index":"index","follow":"follow","max-snippet":"max-snippet:-1","max-image-preview":"max-image-preview:large","max-video-preview":"max-video-preview:-1"},"canonical":"https:\/\/isabeeb.cm\/index.php\/resultats\/","og_locale":"fr_FR","og_type":"article","og_title":"R\u00e9sultats - ISABEE","og_description":"Concours d&rsquo;entr\u00e9e en troisi\u00e8me ann\u00e9e du cycle d&rsquo;ing\u00e9nieurs Ann\u00e9e acad\u00e9mique 2025-2026 Le Ministre d\u2019Etat, Ministre de l\u2019Enseignement Sup\u00e9rieur Communique : Sont, sous r\u00e9serve de la pr\u00e9sentation des originaux des dipl\u00f4mes requis, d\u00e9clar\u00e9s admis en troisi\u00e8me ann\u00e9e du cursus d\u2019Ing\u00e9nieurs de l\u2019Institut Sup\u00e9rieur d\u2019Agriculture, du Bois, de l\u2019Eau et de l\u2019Environnement de l\u2019Universit\u00e9 de Bertoua \u00e0 [&hellip;]","og_url":"https:\/\/isabeeb.cm\/index.php\/resultats\/","og_site_name":"ISABEE","article_publisher":"https:\/\/web.facebook.com\/61550770162334","article_modified_time":"2025-11-27T09:55:35+00:00","twitter_card":"summary_large_image","twitter_misc":{"Dur\u00e9e de lecture estim\u00e9e":"3 minutes"},"schema":{"@context":"https:\/\/schema.org","@graph":[{"@type":"WebPage","@id":"https:\/\/isabeeb.cm\/index.php\/resultats\/","url":"https:\/\/isabeeb.cm\/index.php\/resultats\/","name":"R\u00e9sultats - ISABEE","isPartOf":{"@id":"https:\/\/isabeeb.cm\/#website"},"datePublished":"2024-05-05T18:18:39+00:00","dateModified":"2025-11-27T09:55:35+00:00","inLanguage":"fr-FR","potentialAction":[{"@type":"ReadAction","target":["https:\/\/isabeeb.cm\/index.php\/resultats\/"]}]},{"@type":"WebSite","@id":"https:\/\/isabeeb.cm\/#website","url":"https:\/\/isabeeb.cm\/","name":"ISABEE","description":"Travail - Discipline - Innovation","publisher":{"@id":"https:\/\/isabeeb.cm\/#organization"},"potentialAction":[{"@type":"SearchAction","target":{"@type":"EntryPoint","urlTemplate":"https:\/\/isabeeb.cm\/?s={search_term_string}"},"query-input":"required name=search_term_string"}],"inLanguage":"fr-FR"},{"@type":"Organization","@id":"https:\/\/isabeeb.cm\/#organization","name":"ISABEE","url":"https:\/\/isabeeb.cm\/","logo":{"@type":"ImageObject","inLanguage":"fr-FR","@id":"https:\/\/isabeeb.cm\/#\/schema\/logo\/image\/","url":"https:\/\/isabeeb.cm\/wp-content\/uploads\/2024\/08\/logo-isabee-v3.jpg","contentUrl":"https:\/\/isabeeb.cm\/wp-content\/uploads\/2024\/08\/logo-isabee-v3.jpg","width":781,"height":747,"caption":"ISABEE"},"image":{"@id":"https:\/\/isabeeb.cm\/#\/schema\/logo\/image\/"},"sameAs":["https:\/\/web.facebook.com\/61550770162334"]}]}},"_links":{"self":[{"href":"https:\/\/isabeeb.cm\/index.php\/wp-json\/wp\/v2\/pages\/122","targetHints":{"allow":["GET"]}}],"collection":[{"href":"https:\/\/isabeeb.cm\/index.php\/wp-json\/wp\/v2\/pages"}],"about":[{"href":"https:\/\/isabeeb.cm\/index.php\/wp-json\/wp\/v2\/types\/page"}],"author":[{"embeddable":true,"href":"https:\/\/isabeeb.cm\/index.php\/wp-json\/wp\/v2\/users\/2"}],"replies":[{"embeddable":true,"href":"https:\/\/isabeeb.cm\/index.php\/wp-json\/wp\/v2\/comments?post=122"}],"version-history":[{"count":7,"href":"https:\/\/isabeeb.cm\/index.php\/wp-json\/wp\/v2\/pages\/122\/revisions"}],"predecessor-version":[{"id":858,"href":"https:\/\/isabeeb.cm\/index.php\/wp-json\/wp\/v2\/pages\/122\/revisions\/858"}],"wp:attachment":[{"href":"https:\/\/isabeeb.cm\/index.php\/wp-json\/wp\/v2\/media?parent=122"}],"curies":[{"name":"wp","href":"https:\/\/api.w.org\/{rel}","templated":true}]}}